{"id":338,"date":"2024-08-29T13:11:02","date_gmt":"2024-08-29T13:11:02","guid":{"rendered":"https:\/\/david-kopecky.cz\/?page_id=338"},"modified":"2024-09-02T12:58:57","modified_gmt":"2024-09-02T12:58:57","slug":"detska-show-2","status":"publish","type":"page","link":"https:\/\/david-kopecky.cz\/?page_id=338","title":{"rendered":"D\u011btsk\u00e1 show"},"content":{"rendered":"<p>[et_pb_section fb_built=&#8220;1&#8243; custom_padding_last_edited=&#8220;on|phone&#8220; _builder_version=&#8220;4.14.8&#8243; _module_preset=&#8220;default&#8220; background_image=&#8220;https:\/\/david-kopecky.cz\/wp-content\/uploads\/2024\/08\/karty_bg.jpg&#8220; parallax=&#8220;on&#8220; custom_margin_tablet=&#8220;&#8220; custom_margin_phone=&#8220;0px||||false|false&#8220; custom_margin_last_edited=&#8220;on|phone&#8220; custom_padding=&#8220;3vh||3vh||true|false&#8220; custom_padding_tablet=&#8220;0px||||false|false&#8220; custom_padding_phone=&#8220;0px||||false|false&#8220; global_colors_info=&#8220;{}&#8220; theme_builder_area=&#8220;post_content&#8220;][et_pb_row _builder_version=&#8220;4.14.8&#8243; _module_preset=&#8220;default&#8220; custom_padding=&#8220;||2vh||false|false&#8220; global_colors_info=&#8220;{}&#8220; theme_builder_area=&#8220;post_content&#8220;][et_pb_column type=&#8220;4_4&#8243; _builder_version=&#8220;4.14.8&#8243; _module_preset=&#8220;default&#8220; global_colors_info=&#8220;{}&#8220; theme_builder_area=&#8220;post_content&#8220;][et_pb_text _builder_version=&#8220;4.14.8&#8243; _module_preset=&#8220;default&#8220; text_font=&#8220;Poppins|700||on|||||&#8220; text_text_color=&#8220;#53a8d4&#8243; text_font_size=&#8220;29px&#8220; text_line_height=&#8220;1.2em&#8220; text_orientation=&#8220;center&#8220; custom_margin=&#8220;||||false|false&#8220; custom_padding_tablet=&#8220;&#8220; custom_padding_phone=&#8220;||2vh||false|false&#8220; custom_padding_last_edited=&#8220;on|phone&#8220; animation_style=&#8220;slide&#8220; animation_direction=&#8220;top&#8220; animation_duration=&#8220;850ms&#8220; animation_delay=&#8220;100ms&#8220; animation_intensity_slide=&#8220;35%&#8220; hover_enabled=&#8220;0&#8243; text_font_size_tablet=&#8220;&#8220; text_font_size_phone=&#8220;29px&#8220; text_font_size_last_edited=&#8220;on|phone&#8220; text_orientation_tablet=&#8220;&#8220; text_orientation_phone=&#8220;left&#8220; text_orientation_last_edited=&#8220;on|phone&#8220; global_colors_info=&#8220;{}&#8220; theme_builder_area=&#8220;post_content&#8220; sticky_enabled=&#8220;0&#8243;]D\u011btsk\u00e1 show[\/et_pb_text][\/et_pb_column][\/et_pb_row][et_pb_row column_structure=&#8220;1_2,1_2&#8243; make_equal=&#8220;on&#8220; custom_padding_last_edited=&#8220;on|phone&#8220; _builder_version=&#8220;4.14.8&#8243; _module_preset=&#8220;default&#8220; custom_padding=&#8220;||||false|false&#8220; custom_padding_tablet=&#8220;&#8220; custom_padding_phone=&#8220;0px||||false|false&#8220; hover_enabled=&#8220;0&#8243; global_colors_info=&#8220;{}&#8220; theme_builder_area=&#8220;post_content&#8220; sticky_enabled=&#8220;0&#8243;][et_pb_column type=&#8220;1_2&#8243; _builder_version=&#8220;4.14.8&#8243; _module_preset=&#8220;default&#8220; border_color_all=&#8220;#53a8d4&#8243; border_width_left=&#8220;3px&#8220; global_colors_info=&#8220;{}&#8220; theme_builder_area=&#8220;post_content&#8220;][et_pb_text _builder_version=&#8220;4.14.8&#8243; _module_preset=&#8220;default&#8220; text_font=&#8220;Poppins||||||||&#8220; text_text_color=&#8220;#FFFFFF&#8220; text_font_size=&#8220;15px&#8220; custom_margin=&#8220;||||false|false&#8220; custom_padding=&#8220;|||3vh|false|false&#8220; animation_style=&#8220;slide&#8220; animation_direction=&#8220;top&#8220; animation_delay=&#8220;100ms&#8220; animation_intensity_slide=&#8220;10%&#8220; hover_enabled=&#8220;0&#8243; global_colors_info=&#8220;{}&#8220; theme_builder_area=&#8220;post_content&#8220; sticky_enabled=&#8220;0&#8243;]P\u0159edstavte si p\u0159edstaven\u00ed, kde se ka\u017ed\u00fd d\u011btsk\u00fd div\u00e1k m\u016f\u017ee st\u00e1t kouzeln\u00edkem! David b\u011bhem sv\u00e9ho vystoupen\u00ed p\u0159izve na p\u00f3dium vybran\u00e9ho mal\u00e9ho dobrovoln\u00edka a spole\u010dn\u011b s n\u00edm p\u0159edvede neuv\u011b\u0159iteln\u00e1 kouzla. Ale to nen\u00ed v\u0161e \u2013 b\u011bhem cel\u00e9 show jsou v\u0161echny d\u011bti aktivn\u011b zapojeny do kouzlen\u00ed, tak\u017ee se nikdo nebude nudit.<br \/>\n[\/et_pb_text][\/et_pb_column][et_pb_column type=&#8220;1_2&#8243; _builder_version=&#8220;4.14.8&#8243; _module_preset=&#8220;default&#8220; border_width_left=&#8220;3px&#8220; border_color_left=&#8220;#53a8d4&#8243; global_colors_info=&#8220;{}&#8220; theme_builder_area=&#8220;post_content&#8220;][et_pb_text _builder_version=&#8220;4.14.8&#8243; _module_preset=&#8220;default&#8220; text_font=&#8220;Poppins||||||||&#8220; text_text_color=&#8220;#FFFFFF&#8220; text_font_size=&#8220;15px&#8220; custom_margin=&#8220;||||false|false&#8220; custom_padding=&#8220;|||3vh|false|false&#8220; animation_style=&#8220;slide&#8220; animation_direction=&#8220;top&#8220; animation_delay=&#8220;100ms&#8220; animation_intensity_slide=&#8220;10%&#8220; hover_enabled=&#8220;0&#8243; global_colors_info=&#8220;{}&#8220; theme_builder_area=&#8220;post_content&#8220; sticky_enabled=&#8220;0&#8243;]Tento jedine\u010dn\u00fd program je navr\u017een tak, aby d\u011bti nejen skv\u011ble bavily, ale tak\u00e9 zanechal v nich pocit opravdov\u00e9ho kouzeln\u00e9ho z\u00e1\u017eitku. Ka\u017ed\u00e9 d\u00edt\u011b dostane mo\u017enost si vy\u010darovat vlastn\u00ed kouzelnou dobrotu, co\u017e je\u0161t\u011b v\u00edce podtrhne magickou atmosf\u00e9ru a zajist\u00ed, \u017ee si v\u0161echny d\u011bti show dlouho zapamatuj\u00ed.<br \/>\n[\/et_pb_text][\/et_pb_column][\/et_pb_row][et_pb_row _builder_version=&#8220;4.14.8&#8243; _module_preset=&#8220;default&#8220; custom_padding=&#8220;1vh||||false|false&#8220; global_colors_info=&#8220;{}&#8220; theme_builder_area=&#8220;post_content&#8220;][et_pb_column type=&#8220;4_4&#8243; _builder_version=&#8220;4.14.8&#8243; _module_preset=&#8220;default&#8220; global_colors_info=&#8220;{}&#8220; theme_builder_area=&#8220;post_content&#8220;][et_pb_text _builder_version=&#8220;4.14.8&#8243; _module_preset=&#8220;default&#8220; text_font=&#8220;Poppins||||||||&#8220; text_text_color=&#8220;#FFFFFF&#8220; text_font_size=&#8220;17px&#8220; text_line_height=&#8220;1.5em&#8220; background_color=&#8220;#53a8d4&#8243; text_orientation=&#8220;center&#8220; width=&#8220;220px&#8220; module_alignment=&#8220;center&#8220; custom_padding=&#8220;1vh||1vh||true|false&#8220; animation_style=&#8220;slide&#8220; animation_direction=&#8220;top&#8220; animation_delay=&#8220;200ms&#8220; animation_intensity_slide=&#8220;10%&#8220; border_radii=&#8220;on|12px|12px|12px|12px&#8220; global_colors_info=&#8220;{}&#8220; theme_builder_area=&#8220;post_content&#8220;]<\/p>\n<p>D\u00c9LKA VYSTOUPEN\u00cd<br \/><strong>30\u201360min<\/strong><\/p>\n<p>[\/et_pb_text][\/et_pb_column][\/et_pb_row][\/et_pb_section][et_pb_section fb_built=&#8220;1&#8243; custom_padding_last_edited=&#8220;on|phone&#8220; _builder_version=&#8220;4.14.8&#8243; _module_preset=&#8220;default&#8220; custom_padding_tablet=&#8220;&#8220; custom_padding_phone=&#8220;1vh||1vh||true|false&#8220; global_colors_info=&#8220;{}&#8220;][et_pb_row _builder_version=&#8220;4.14.8&#8243; _module_preset=&#8220;default&#8220; global_colors_info=&#8220;{}&#8220;][et_pb_column type=&#8220;4_4&#8243; _builder_version=&#8220;4.14.8&#8243; _module_preset=&#8220;default&#8220; global_colors_info=&#8220;{}&#8220;][et_pb_gallery gallery_ids=&#8220;341,342,343,344,345,346,347,348&#8243; posts_number=&#8220;8&#8243; show_title_and_caption=&#8220;off&#8220; show_pagination=&#8220;off&#8220; zoom_icon_color=&#8220;#FFFFFF&#8220; hover_overlay_color=&#8220;RGBA(255,255,255,0)&#8220; hover_icon=&#8220;&#x54;||divi||400&#8243; _builder_version=&#8220;4.14.8&#8243; _module_preset=&#8220;default&#8220; global_colors_info=&#8220;{}&#8220;][\/et_pb_gallery][\/et_pb_column][\/et_pb_row][\/et_pb_section][et_pb_section fb_built=&#8220;1&#8243; module_id=&#8220;kontakt&#8220; _builder_version=&#8220;4.14.8&#8243; _module_preset=&#8220;default&#8220; background_color=&#8220;#000000&#8243; global_colors_info=&#8220;{}&#8220;][et_pb_row column_structure=&#8220;2_5,3_5&#8243; _builder_version=&#8220;4.14.8&#8243; _module_preset=&#8220;default&#8220; global_colors_info=&#8220;{}&#8220;][et_pb_column type=&#8220;2_5&#8243; _builder_version=&#8220;4.14.8&#8243; _module_preset=&#8220;default&#8220; global_colors_info=&#8220;{}&#8220;][et_pb_text _builder_version=&#8220;4.14.8&#8243; _module_preset=&#8220;default&#8220; text_font=&#8220;Poppins|300|||||||&#8220; text_text_color=&#8220;#FFFFFF&#8220; text_font_size=&#8220;19px&#8220; text_line_height=&#8220;1.4em&#8220; custom_margin=&#8220;||2vh||false|false&#8220; global_colors_info=&#8220;{}&#8220;]<\/p>\n<p>Chcete vid\u011bt m\u00e1 kouzla?<\/p>\n<p>[\/et_pb_text][et_pb_text _builder_version=&#8220;4.14.8&#8243; _module_preset=&#8220;default&#8220; text_font=&#8220;Poppins|700|||||||&#8220; text_text_color=&#8220;#53a8d4&#8243; text_font_size=&#8220;30px&#8220; text_line_height=&#8220;1.4em&#8220; custom_margin=&#8220;auto||3vh||false|false&#8220; global_colors_info=&#8220;{}&#8220;]<\/p>\n<p>Kontaktujte m\u011b!<\/p>\n<p>[\/et_pb_text][et_pb_blurb title=&#8220;+420 725 876 375&#8243; use_icon=&#8220;on&#8220; font_icon=&#8220;&#xf879;||fa||900&#8243; icon_color=&#8220;#53a8d4&#8243; icon_placement=&#8220;left&#8220; image_icon_width=&#8220;25px&#8220; _builder_version=&#8220;4.14.8&#8243; _module_preset=&#8220;default&#8220; header_font=&#8220;Poppins|700|||||||&#8220; header_text_color=&#8220;#FFFFFF&#8220; image_icon_custom_margin=&#8220;-5px||||false|false&#8220; custom_margin=&#8220;||2vh||false|false&#8220; global_colors_info=&#8220;{}&#8220;][\/et_pb_blurb][et_pb_blurb title=&#8220;kouzelnikdavid@gmail.com&#8220; use_icon=&#8220;on&#8220; font_icon=&#8220;&#xe076;||divi||400&#8243; icon_color=&#8220;#53a8d4&#8243; icon_placement=&#8220;left&#8220; image_icon_width=&#8220;25px&#8220; _builder_version=&#8220;4.14.8&#8243; _module_preset=&#8220;default&#8220; header_font=&#8220;Poppins|700|||||||&#8220; header_text_color=&#8220;#FFFFFF&#8220; image_icon_custom_margin=&#8220;-5px||||false|false&#8220; custom_margin=&#8220;auto||2vh||false|false&#8220; global_colors_info=&#8220;{}&#8220;][\/et_pb_blurb][et_pb_blurb title=&#8220;07915331&#8243; image=&#8220;https:\/\/david-kopecky.cz\/wp-content\/uploads\/2022\/03\/ICO.svg&#8220; icon_placement=&#8220;left&#8220; image_icon_width=&#8220;30px&#8220; _builder_version=&#8220;4.14.8&#8243; _module_preset=&#8220;default&#8220; header_font=&#8220;Poppins|700|||||||&#8220; header_text_color=&#8220;#FFFFFF&#8220; image_icon_custom_margin=&#8220;-2px||||false|false&#8220; custom_margin=&#8220;auto||||false|false&#8220; global_colors_info=&#8220;{}&#8220;][\/et_pb_blurb][et_pb_social_media_follow _builder_version=&#8220;4.14.8&#8243; _module_preset=&#8220;default&#8220; global_colors_info=&#8220;{}&#8220;][et_pb_social_media_follow_network social_network=&#8220;facebook&#8220; url=&#8220;https:\/\/www.facebook.com\/DavidKopecky.kouzelnik&#8220; _builder_version=&#8220;4.14.8&#8243; _module_preset=&#8220;default&#8220; background_color=&#8220;#3b5998&#8243; global_colors_info=&#8220;{}&#8220; follow_button=&#8220;off&#8220; url_new_window=&#8220;on&#8220;]facebook[\/et_pb_social_media_follow_network][et_pb_social_media_follow_network social_network=&#8220;instagram&#8220; url=&#8220;https:\/\/www.instagram.com\/kouzelnikdavidkopecky\/&#8220; icon_color=&#8220;#ffffff&#8220; _builder_version=&#8220;4.14.8&#8243; _module_preset=&#8220;default&#8220; background_color=&#8220;#ea2c59&#8243; custom_button=&#8220;on&#8220; button_text_size=&#8220;1px&#8220; button_border_color=&#8220;RGBA(255,255,255,0)&#8220; global_colors_info=&#8220;{}&#8220; follow_button=&#8220;off&#8220; url_new_window=&#8220;on&#8220;]instagram[\/et_pb_social_media_follow_network][et_pb_social_media_follow_network social_network=&#8220;youtube&#8220; url=&#8220;https:\/\/www.youtube.com\/channel\/UCZHI8CahqA271KmVafcJldA&#8220; _builder_version=&#8220;4.14.8&#8243; _module_preset=&#8220;default&#8220; background_color=&#8220;#a82400&#8243; global_colors_info=&#8220;{}&#8220; follow_button=&#8220;off&#8220; url_new_window=&#8220;on&#8220;]youtube[\/et_pb_social_media_follow_network][\/et_pb_social_media_follow][\/et_pb_column][et_pb_column type=&#8220;3_5&#8243; _builder_version=&#8220;4.14.8&#8243; _module_preset=&#8220;default&#8220; global_colors_info=&#8220;{}&#8220;][et_pb_contact_form use_spam_service=&#8220;on&#8220; recaptcha_list=&#8220;Default|Default-0&#8243; email=&#8220;kouzelnikdavid@gmail.com&#8220; custom_message=&#8220;%%Name%%||et_pb_line_break_holder||%%Email%%||et_pb_line_break_holder||%%Druh_vystoupeni%%||et_pb_line_break_holder||%%Message%%&#8220; success_message=&#8220;V\u00e1\u0161 email byl \u00fasp\u011b\u0161n\u011b odesl\u00e1n&#8220; submit_button_text=&#8220;ODESLAT&#8220; _builder_version=&#8220;4.14.8&#8243; _module_preset=&#8220;default&#8220; _unique_id=&#8220;f9157bcc-c3e5-4f68-a487-1b7827e7d79b&#8220; form_field_background_color=&#8220;RGBA(255,255,255,0)&#8220; form_field_text_color=&#8220;#FFFFFF&#8220; form_field_focus_background_color=&#8220;RGBA(255,255,255,0)&#8220; form_field_focus_text_color=&#8220;#FFFFFF&#8220; title_font=&#8220;Poppins||||||||&#8220; captcha_font=&#8220;Poppins|300|||||||&#8220; captcha_text_color=&#8220;#ffffff&#8220; form_field_font=&#8220;Poppins|300|on||||||&#8220; custom_button=&#8220;on&#8220; button_text_size=&#8220;18px&#8220; button_text_color=&#8220;#53a8d4&#8243; button_border_color=&#8220;#53a8d4&#8243; button_border_radius=&#8220;10px&#8220; button_font=&#8220;Poppins||||||||&#8220; button_icon=&#8220;&#x4e;||divi||400&#8243; button_custom_padding=&#8220;|30px||30px|false|false&#8220; border_radii=&#8220;off|15px||15px|&#8220; border_width_all=&#8220;2px&#8220; border_color_all=&#8220;#53a8d4&#8243; global_colors_info=&#8220;{}&#8220; button_bg_color__hover_enabled=&#8220;on|hover&#8220; button_bg_color__hover=&#8220;#53a8d4&#8243; button_bg_enable_color__hover=&#8220;on&#8220; button_text_color__hover_enabled=&#8220;on|hover&#8220; button_text_color__hover=&#8220;#FFFFFF&#8220;][et_pb_contact_field field_id=&#8220;Name&#8220; field_title=&#8220;Jm\u00e9no&#8220; _builder_version=&#8220;4.14.8&#8243; global_colors_info=&#8220;{}&#8220; button_text_size__hover_enabled=&#8220;off&#8220; button_one_text_size__hover_enabled=&#8220;off&#8220; button_two_text_size__hover_enabled=&#8220;off&#8220; button_text_color__hover_enabled=&#8220;off&#8220; button_one_text_color__hover_enabled=&#8220;off&#8220; button_two_text_color__hover_enabled=&#8220;off&#8220; button_border_width__hover_enabled=&#8220;off&#8220; button_one_border_width__hover_enabled=&#8220;off&#8220; button_two_border_width__hover_enabled=&#8220;off&#8220; button_border_color__hover_enabled=&#8220;off&#8220; button_one_border_color__hover_enabled=&#8220;off&#8220; button_two_border_color__hover_enabled=&#8220;off&#8220; button_border_radius__hover_enabled=&#8220;off&#8220; button_one_border_radius__hover_enabled=&#8220;off&#8220; button_two_border_radius__hover_enabled=&#8220;off&#8220; button_letter_spacing__hover_enabled=&#8220;off&#8220; button_one_letter_spacing__hover_enabled=&#8220;off&#8220; button_two_letter_spacing__hover_enabled=&#8220;off&#8220; button_bg_color__hover_enabled=&#8220;off&#8220; button_one_bg_color__hover_enabled=&#8220;off&#8220; button_two_bg_color__hover_enabled=&#8220;off&#8220;][\/et_pb_contact_field][et_pb_contact_field field_id=&#8220;Email&#8220; field_title=&#8220;E-mail&#8220; field_type=&#8220;email&#8220; _builder_version=&#8220;4.14.8&#8243; global_colors_info=&#8220;{}&#8220; button_text_size__hover_enabled=&#8220;off&#8220; button_one_text_size__hover_enabled=&#8220;off&#8220; button_two_text_size__hover_enabled=&#8220;off&#8220; button_text_color__hover_enabled=&#8220;off&#8220; button_one_text_color__hover_enabled=&#8220;off&#8220; button_two_text_color__hover_enabled=&#8220;off&#8220; button_border_width__hover_enabled=&#8220;off&#8220; button_one_border_width__hover_enabled=&#8220;off&#8220; button_two_border_width__hover_enabled=&#8220;off&#8220; button_border_color__hover_enabled=&#8220;off&#8220; button_one_border_color__hover_enabled=&#8220;off&#8220; button_two_border_color__hover_enabled=&#8220;off&#8220; button_border_radius__hover_enabled=&#8220;off&#8220; button_one_border_radius__hover_enabled=&#8220;off&#8220; button_two_border_radius__hover_enabled=&#8220;off&#8220; button_letter_spacing__hover_enabled=&#8220;off&#8220; button_one_letter_spacing__hover_enabled=&#8220;off&#8220; button_two_letter_spacing__hover_enabled=&#8220;off&#8220; button_bg_color__hover_enabled=&#8220;off&#8220; button_one_bg_color__hover_enabled=&#8220;off&#8220; button_two_bg_color__hover_enabled=&#8220;off&#8220;][\/et_pb_contact_field][et_pb_contact_field field_id=&#8220;Druh_vystoupeni&#8220; field_title=&#8220;O jak\u00fd druh vystoupen\u00ed m\u00e1te z\u00e1jem?&#8220; field_type=&#8220;select&#8220; select_options=&#8220;%91{%22value%22:%22Z\u00e1bavn\u00e1 magick\u00e1 show%22,%22checked%22:0,%22dragID%22:-1},{%22value%22:%22Illusion show%22,%22checked%22:0,%22dragID%22:0},{%22value%22:%22D\u011btsk\u00e1 show%22,%22checked%22:0,%22dragID%22:1},{%22value%22:%22Mikromagie mezi hosty%22,%22checked%22:0,%22dragID%22:2},{%22value%22:%22Moderov\u00e1n\u00ed%22,%22checked%22:0,%22dragID%22:3},{%22value%22:%22Svatebn\u00ed program%22,%22checked%22:0,%22dragID%22:4}%93&#8243; required_mark=&#8220;off&#8220; fullwidth_field=&#8220;on&#8220; _builder_version=&#8220;4.14.8&#8243; _module_preset=&#8220;default&#8220; form_field_background_color=&#8220;RGBA(255,255,255,0)&#8220; form_field_text_color=&#8220;#FFFFFF&#8220; form_field_focus_background_color=&#8220;#FFFFFF&#8220; form_field_focus_text_color=&#8220;#000000&#8243; global_colors_info=&#8220;{}&#8220;][\/et_pb_contact_field][et_pb_contact_field field_id=&#8220;Message&#8220; field_title=&#8220;Zpr\u00e1va&#8220; field_type=&#8220;text&#8220; fullwidth_field=&#8220;on&#8220; _builder_version=&#8220;4.14.8&#8243; global_colors_info=&#8220;{}&#8220; button_text_size__hover_enabled=&#8220;off&#8220; button_one_text_size__hover_enabled=&#8220;off&#8220; button_two_text_size__hover_enabled=&#8220;off&#8220; button_text_color__hover_enabled=&#8220;off&#8220; button_one_text_color__hover_enabled=&#8220;off&#8220; button_two_text_color__hover_enabled=&#8220;off&#8220; button_border_width__hover_enabled=&#8220;off&#8220; button_one_border_width__hover_enabled=&#8220;off&#8220; button_two_border_width__hover_enabled=&#8220;off&#8220; button_border_color__hover_enabled=&#8220;off&#8220; button_one_border_color__hover_enabled=&#8220;off&#8220; button_two_border_color__hover_enabled=&#8220;off&#8220; button_border_radius__hover_enabled=&#8220;off&#8220; button_one_border_radius__hover_enabled=&#8220;off&#8220; button_two_border_radius__hover_enabled=&#8220;off&#8220; button_letter_spacing__hover_enabled=&#8220;off&#8220; button_one_letter_spacing__hover_enabled=&#8220;off&#8220; button_two_letter_spacing__hover_enabled=&#8220;off&#8220; button_bg_color__hover_enabled=&#8220;off&#8220; button_one_bg_color__hover_enabled=&#8220;off&#8220; button_two_bg_color__hover_enabled=&#8220;off&#8220;][\/et_pb_contact_field][\/et_pb_contact_form][et_pb_image src=&#8220;https:\/\/david-kopecky.cz\/wp-content\/uploads\/2022\/03\/karticky3.png&#8220; title_text=&#8220;karticky3&#8243; _builder_version=&#8220;4.14.8&#8243; _module_preset=&#8220;default&#8220; positioning=&#8220;absolute&#8220; vertical_offset=&#8220;-50%&#8220; horizontal_offset=&#8220;100%&#8220; vertical_offset_tablet=&#8220;-48%&#8220; vertical_offset_phone=&#8220;-93%&#8220; vertical_offset_last_edited=&#8220;on|phone&#8220; horizontal_offset_tablet=&#8220;93%&#8220; horizontal_offset_phone=&#8220;82%&#8220; horizontal_offset_last_edited=&#8220;on|phone&#8220; width=&#8220;20%&#8220; width_tablet=&#8220;100%&#8220; width_phone=&#8220;36%&#8220; width_last_edited=&#8220;on|phone&#8220; global_colors_info=&#8220;{}&#8220;][\/et_pb_image][\/et_pb_column][\/et_pb_row][\/et_pb_section]<\/p>\n","protected":false},"excerpt":{"rendered":"<p>D\u011btsk\u00e1 showP\u0159edstavte si p\u0159edstaven\u00ed, kde se ka\u017ed\u00fd d\u011btsk\u00fd div\u00e1k m\u016f\u017ee st\u00e1t kouzeln\u00edkem! David b\u011bhem sv\u00e9ho vystoupen\u00ed p\u0159izve na p\u00f3dium vybran\u00e9ho mal\u00e9ho dobrovoln\u00edka a spole\u010dn\u011b s n\u00edm p\u0159edvede neuv\u011b\u0159iteln\u00e1 kouzla. Ale to nen\u00ed v\u0161e \u2013 b\u011bhem cel\u00e9 show jsou v\u0161echny d\u011bti aktivn\u011b zapojeny do kouzlen\u00ed, tak\u017ee se nikdo nebude nudit. Tento jedine\u010dn\u00fd program je navr\u017een tak, [&hellip;]<\/p>\n","protected":false},"author":1,"featured_media":0,"parent":0,"menu_order":0,"comment_status":"closed","ping_status":"closed","template":"","meta":{"_et_pb_use_builder":"on","_et_pb_old_content":"<!-- wp:divi\/placeholder \/-->","_et_gb_content_width":"","inline_featured_image":false,"footnotes":""},"class_list":["post-338","page","type-page","status-publish","hentry"],"yoast_head":"<!-- This site is optimized with the Yoast SEO plugin v24.4 - https:\/\/yoast.com\/wordpress\/plugins\/seo\/ -->\n<title>D\u011btsk\u00e1 show - Kouzeln\u00edk<\/title>\n<meta name=\"robots\" content=\"index, follow, max-snippet:-1, max-image-preview:large, max-video-preview:-1\" \/>\n<link rel=\"canonical\" href=\"https:\/\/david-kopecky.cz\/?page_id=338\" \/>\n<meta property=\"og:locale\" content=\"cs_CZ\" \/>\n<meta property=\"og:type\" content=\"article\" \/>\n<meta property=\"og:title\" content=\"D\u011btsk\u00e1 show - Kouzeln\u00edk\" \/>\n<meta property=\"og:description\" content=\"D\u011btsk\u00e1 showP\u0159edstavte si p\u0159edstaven\u00ed, kde se ka\u017ed\u00fd d\u011btsk\u00fd div\u00e1k m\u016f\u017ee st\u00e1t kouzeln\u00edkem! David b\u011bhem sv\u00e9ho vystoupen\u00ed p\u0159izve na p\u00f3dium vybran\u00e9ho mal\u00e9ho dobrovoln\u00edka a spole\u010dn\u011b s n\u00edm p\u0159edvede neuv\u011b\u0159iteln\u00e1 kouzla. Ale to nen\u00ed v\u0161e \u2013 b\u011bhem cel\u00e9 show jsou v\u0161echny d\u011bti aktivn\u011b zapojeny do kouzlen\u00ed, tak\u017ee se nikdo nebude nudit. Tento jedine\u010dn\u00fd program je navr\u017een tak, [&hellip;]\" \/>\n<meta property=\"og:url\" content=\"https:\/\/david-kopecky.cz\/?page_id=338\" \/>\n<meta property=\"og:site_name\" content=\"Kouzeln\u00edk\" \/>\n<meta property=\"article:modified_time\" content=\"2024-09-02T12:58:57+00:00\" \/>\n<meta name=\"twitter:card\" content=\"summary_large_image\" \/>\n<script type=\"application\/ld+json\" class=\"yoast-schema-graph\">{\"@context\":\"https:\/\/schema.org\",\"@graph\":[{\"@type\":\"WebPage\",\"@id\":\"https:\/\/david-kopecky.cz\/?page_id=338\",\"url\":\"https:\/\/david-kopecky.cz\/?page_id=338\",\"name\":\"D\u011btsk\u00e1 show - Kouzeln\u00edk\",\"isPartOf\":{\"@id\":\"https:\/\/david-kopecky.cz\/#website\"},\"datePublished\":\"2024-08-29T13:11:02+00:00\",\"dateModified\":\"2024-09-02T12:58:57+00:00\",\"breadcrumb\":{\"@id\":\"https:\/\/david-kopecky.cz\/?page_id=338#breadcrumb\"},\"inLanguage\":\"cs\",\"potentialAction\":[{\"@type\":\"ReadAction\",\"target\":[\"https:\/\/david-kopecky.cz\/?page_id=338\"]}]},{\"@type\":\"BreadcrumbList\",\"@id\":\"https:\/\/david-kopecky.cz\/?page_id=338#breadcrumb\",\"itemListElement\":[{\"@type\":\"ListItem\",\"position\":1,\"name\":\"Dom\u016f\",\"item\":\"https:\/\/david-kopecky.cz\/\"},{\"@type\":\"ListItem\",\"position\":2,\"name\":\"D\u011btsk\u00e1 show\"}]},{\"@type\":\"WebSite\",\"@id\":\"https:\/\/david-kopecky.cz\/#website\",\"url\":\"https:\/\/david-kopecky.cz\/\",\"name\":\"Kouzeln\u00edk\",\"description\":\"David Kopeck\u00fd\",\"potentialAction\":[{\"@type\":\"SearchAction\",\"target\":{\"@type\":\"EntryPoint\",\"urlTemplate\":\"https:\/\/david-kopecky.cz\/?s={search_term_string}\"},\"query-input\":{\"@type\":\"PropertyValueSpecification\",\"valueRequired\":true,\"valueName\":\"search_term_string\"}}],\"inLanguage\":\"cs\"}]}<\/script>\n<!-- \/ Yoast SEO plugin. -->","yoast_head_json":{"title":"D\u011btsk\u00e1 show - Kouzeln\u00edk","robots":{"index":"index","follow":"follow","max-snippet":"max-snippet:-1","max-image-preview":"max-image-preview:large","max-video-preview":"max-video-preview:-1"},"canonical":"https:\/\/david-kopecky.cz\/?page_id=338","og_locale":"cs_CZ","og_type":"article","og_title":"D\u011btsk\u00e1 show - Kouzeln\u00edk","og_description":"D\u011btsk\u00e1 showP\u0159edstavte si p\u0159edstaven\u00ed, kde se ka\u017ed\u00fd d\u011btsk\u00fd div\u00e1k m\u016f\u017ee st\u00e1t kouzeln\u00edkem! David b\u011bhem sv\u00e9ho vystoupen\u00ed p\u0159izve na p\u00f3dium vybran\u00e9ho mal\u00e9ho dobrovoln\u00edka a spole\u010dn\u011b s n\u00edm p\u0159edvede neuv\u011b\u0159iteln\u00e1 kouzla. Ale to nen\u00ed v\u0161e \u2013 b\u011bhem cel\u00e9 show jsou v\u0161echny d\u011bti aktivn\u011b zapojeny do kouzlen\u00ed, tak\u017ee se nikdo nebude nudit. Tento jedine\u010dn\u00fd program je navr\u017een tak, [&hellip;]","og_url":"https:\/\/david-kopecky.cz\/?page_id=338","og_site_name":"Kouzeln\u00edk","article_modified_time":"2024-09-02T12:58:57+00:00","twitter_card":"summary_large_image","schema":{"@context":"https:\/\/schema.org","@graph":[{"@type":"WebPage","@id":"https:\/\/david-kopecky.cz\/?page_id=338","url":"https:\/\/david-kopecky.cz\/?page_id=338","name":"D\u011btsk\u00e1 show - Kouzeln\u00edk","isPartOf":{"@id":"https:\/\/david-kopecky.cz\/#website"},"datePublished":"2024-08-29T13:11:02+00:00","dateModified":"2024-09-02T12:58:57+00:00","breadcrumb":{"@id":"https:\/\/david-kopecky.cz\/?page_id=338#breadcrumb"},"inLanguage":"cs","potentialAction":[{"@type":"ReadAction","target":["https:\/\/david-kopecky.cz\/?page_id=338"]}]},{"@type":"BreadcrumbList","@id":"https:\/\/david-kopecky.cz\/?page_id=338#breadcrumb","itemListElement":[{"@type":"ListItem","position":1,"name":"Dom\u016f","item":"https:\/\/david-kopecky.cz\/"},{"@type":"ListItem","position":2,"name":"D\u011btsk\u00e1 show"}]},{"@type":"WebSite","@id":"https:\/\/david-kopecky.cz\/#website","url":"https:\/\/david-kopecky.cz\/","name":"Kouzeln\u00edk","description":"David Kopeck\u00fd","potentialAction":[{"@type":"SearchAction","target":{"@type":"EntryPoint","urlTemplate":"https:\/\/david-kopecky.cz\/?s={search_term_string}"},"query-input":{"@type":"PropertyValueSpecification","valueRequired":true,"valueName":"search_term_string"}}],"inLanguage":"cs"}]}},"_links":{"self":[{"href":"https:\/\/david-kopecky.cz\/index.php?rest_route=\/wp\/v2\/pages\/338","targetHints":{"allow":["GET"]}}],"collection":[{"href":"https:\/\/david-kopecky.cz\/index.php?rest_route=\/wp\/v2\/pages"}],"about":[{"href":"https:\/\/david-kopecky.cz\/index.php?rest_route=\/wp\/v2\/types\/page"}],"author":[{"embeddable":true,"href":"https:\/\/david-kopecky.cz\/index.php?rest_route=\/wp\/v2\/users\/1"}],"replies":[{"embeddable":true,"href":"https:\/\/david-kopecky.cz\/index.php?rest_route=%2Fwp%2Fv2%2Fcomments&post=338"}],"version-history":[{"count":8,"href":"https:\/\/david-kopecky.cz\/index.php?rest_route=\/wp\/v2\/pages\/338\/revisions"}],"predecessor-version":[{"id":418,"href":"https:\/\/david-kopecky.cz\/index.php?rest_route=\/wp\/v2\/pages\/338\/revisions\/418"}],"wp:attachment":[{"href":"https:\/\/david-kopecky.cz\/index.php?rest_route=%2Fwp%2Fv2%2Fmedia&parent=338"}],"curies":[{"name":"wp","href":"https:\/\/api.w.org\/{rel}","templated":true}]}}